{"id":60,"date":"2020-06-22T15:42:06","date_gmt":"2020-06-22T15:42:06","guid":{"rendered":"https:\/\/www.regiodruck.ch\/webshop\/homepage-3\/"},"modified":"2021-04-09T12:32:30","modified_gmt":"2021-04-09T12:32:30","slug":"homepage-3","status":"publish","type":"page","link":"https:\/\/www.regiodruck.ch\/webshop\/","title":{"rendered":""},"content":{"rendered":"<div class=\"wp-block-cover\" style=\"background-image:url(https:\/\/www.regiodruck.ch\/webshop\/wp-content\/uploads\/2020\/10\/shop-regiodruck.jpg);min-height:319px;aspect-ratio:unset;\"><div class=\"wp-block-cover__inner-container is-layout-flow wp-block-cover-is-layout-flow\"><p class=\"has-text-align-center has-large-font-size\"><strong><em><span class=\"has-inline-color has-black-color\">Willkommen in unserem Webshop<\/span><\/em><\/strong><\/p><\/div><\/div><div style=\"height:61px\" aria-hidden=\"true\" class=\"wp-block-spacer\"><\/div><h2 class=\"has-text-align-center wp-block-heading\">Nach Kategorie einkaufen<\/h2><div class=\"woocommerce columns-4\"><ul class=\"products columns-4\">\n<li class=\"product-category product first\">\n\t<a aria-label=\"Produktkategorie Druck besuchen\" href=\"https:\/\/www.regiodruck.ch\/webshop\/produkt-kategorie\/druck\/\"><img loading=\"lazy\" decoding=\"async\" src=\"https:\/\/www.regiodruck.ch\/webshop\/wp-content\/uploads\/2020\/10\/kat-druck-324x324.jpg\" alt=\"Druck\" width=\"324\" height=\"324\" srcset=\"https:\/\/www.regiodruck.ch\/webshop\/wp-content\/uploads\/2020\/10\/kat-druck-324x324.jpg 324w, https:\/\/www.regiodruck.ch\/webshop\/wp-content\/uploads\/2020\/10\/kat-druck-300x300.jpg 300w, https:\/\/www.regiodruck.ch\/webshop\/wp-content\/uploads\/2020\/10\/kat-druck-150x150.jpg 150w, https:\/\/www.regiodruck.ch\/webshop\/wp-content\/uploads\/2020\/10\/kat-druck-100x100.jpg 100w, https:\/\/www.regiodruck.ch\/webshop\/wp-content\/uploads\/2020\/10\/kat-druck.jpg 400w\" sizes=\"(max-width: 324px) 100vw, 324px\" \/>\t\t<h2 class=\"woocommerce-loop-category__title\">\n\t\t\tDruck <mark class=\"count\">(4)<\/mark>\t\t<\/h2>\n\t\t<\/a><\/li>\n<li class=\"product-category product\">\n\t<a aria-label=\"Produktkategorie Laser besuchen\" href=\"https:\/\/www.regiodruck.ch\/webshop\/produkt-kategorie\/laser\/\"><img loading=\"lazy\" decoding=\"async\" src=\"https:\/\/www.regiodruck.ch\/webshop\/wp-content\/uploads\/2020\/10\/KAT-LASER-324x324.jpg\" alt=\"Laser\" width=\"324\" height=\"324\" srcset=\"https:\/\/www.regiodruck.ch\/webshop\/wp-content\/uploads\/2020\/10\/KAT-LASER-324x324.jpg 324w, https:\/\/www.regiodruck.ch\/webshop\/wp-content\/uploads\/2020\/10\/KAT-LASER-300x300.jpg 300w, https:\/\/www.regiodruck.ch\/webshop\/wp-content\/uploads\/2020\/10\/KAT-LASER-150x150.jpg 150w, https:\/\/www.regiodruck.ch\/webshop\/wp-content\/uploads\/2020\/10\/KAT-LASER-100x100.jpg 100w, https:\/\/www.regiodruck.ch\/webshop\/wp-content\/uploads\/2020\/10\/KAT-LASER.jpg 400w\" sizes=\"(max-width: 324px) 100vw, 324px\" \/>\t\t<h2 class=\"woocommerce-loop-category__title\">\n\t\t\tLaser <mark class=\"count\">(49)<\/mark>\t\t<\/h2>\n\t\t<\/a><\/li>\n<li class=\"product-category product\">\n\t<a aria-label=\"Produktkategorie Pack besuchen\" href=\"https:\/\/www.regiodruck.ch\/webshop\/produkt-kategorie\/pack\/\"><img loading=\"lazy\" decoding=\"async\" src=\"https:\/\/www.regiodruck.ch\/webshop\/wp-content\/uploads\/2020\/10\/kat-pack-324x324.jpg\" alt=\"Pack\" width=\"324\" height=\"324\" srcset=\"https:\/\/www.regiodruck.ch\/webshop\/wp-content\/uploads\/2020\/10\/kat-pack-324x324.jpg 324w, https:\/\/www.regiodruck.ch\/webshop\/wp-content\/uploads\/2020\/10\/kat-pack-300x300.jpg 300w, https:\/\/www.regiodruck.ch\/webshop\/wp-content\/uploads\/2020\/10\/kat-pack-150x150.jpg 150w, https:\/\/www.regiodruck.ch\/webshop\/wp-content\/uploads\/2020\/10\/kat-pack-100x100.jpg 100w, https:\/\/www.regiodruck.ch\/webshop\/wp-content\/uploads\/2020\/10\/kat-pack.jpg 400w\" sizes=\"(max-width: 324px) 100vw, 324px\" \/>\t\t<h2 class=\"woocommerce-loop-category__title\">\n\t\t\tPack <mark class=\"count\">(13)<\/mark>\t\t<\/h2>\n\t\t<\/a><\/li>\n<li class=\"product-category product last\">\n\t<a aria-label=\"Produktkategorie ALLE PRODUKTE besuchen\" href=\"https:\/\/www.regiodruck.ch\/webshop\/produkt-kategorie\/alle-produkte\/\"><img loading=\"lazy\" decoding=\"async\" src=\"https:\/\/www.regiodruck.ch\/webshop\/wp-content\/uploads\/2020\/11\/Logos-AlleProdukte-324x324.jpg\" alt=\"ALLE PRODUKTE\" width=\"324\" height=\"324\" srcset=\"https:\/\/www.regiodruck.ch\/webshop\/wp-content\/uploads\/2020\/11\/Logos-AlleProdukte-324x324.jpg 324w, https:\/\/www.regiodruck.ch\/webshop\/wp-content\/uploads\/2020\/11\/Logos-AlleProdukte-300x300.jpg 300w, https:\/\/www.regiodruck.ch\/webshop\/wp-content\/uploads\/2020\/11\/Logos-AlleProdukte-150x150.jpg 150w, https:\/\/www.regiodruck.ch\/webshop\/wp-content\/uploads\/2020\/11\/Logos-AlleProdukte-416x416.jpg 416w, https:\/\/www.regiodruck.ch\/webshop\/wp-content\/uploads\/2020\/11\/Logos-AlleProdukte-100x100.jpg 100w, https:\/\/www.regiodruck.ch\/webshop\/wp-content\/uploads\/2020\/11\/Logos-AlleProdukte.jpg 591w\" sizes=\"(max-width: 324px) 100vw, 324px\" \/>\t\t<h2 class=\"woocommerce-loop-category__title\">\n\t\t\tALLE PRODUKTE <mark class=\"count\">(56)<\/mark>\t\t<\/h2>\n\t\t<\/a><\/li>\n<\/ul>\n<\/div><h2 class=\"has-text-align-center wp-block-heading\">Neu im Bestand<\/h2><div data-block-name=\"woocommerce\/product-new\" data-columns=\"4\" data-rows=\"1\" class=\"wc-block-grid wp-block-product-new wc-block-product-new has-4-columns\"><ul class=\"wc-block-grid__products\"><li class=\"wc-block-grid__product\">\n\t\t\t\t<a href=\"https:\/\/www.regiodruck.ch\/webshop\/produkt\/thermosflasche-bunt-mit-gravur-neue-ausfuehrung\/\" class=\"wc-block-grid__product-link\">\n\t\t\t\t\t\n\t\t\t\t\t<div class=\"wc-block-grid__product-image\"><img loading=\"lazy\" decoding=\"async\" width=\"324\" height=\"324\" src=\"https:\/\/www.regiodruck.ch\/webshop\/wp-content\/uploads\/2025\/06\/Bild-1_Produktbild-e1749135079568-324x324.jpg\" class=\"attachment-woocommerce_thumbnail size-woocommerce_thumbnail\" alt=\"Thermosflasche bunt mit Gravur - Neue Ausf\u00fchrung\" srcset=\"https:\/\/www.regiodruck.ch\/webshop\/wp-content\/uploads\/2025\/06\/Bild-1_Produktbild-e1749135079568-324x324.jpg 324w, https:\/\/www.regiodruck.ch\/webshop\/wp-content\/uploads\/2025\/06\/Bild-1_Produktbild-e1749135079568-300x300.jpg 300w, https:\/\/www.regiodruck.ch\/webshop\/wp-content\/uploads\/2025\/06\/Bild-1_Produktbild-e1749135079568-1024x1024.jpg 1024w, https:\/\/www.regiodruck.ch\/webshop\/wp-content\/uploads\/2025\/06\/Bild-1_Produktbild-e1749135079568-150x150.jpg 150w, https:\/\/www.regiodruck.ch\/webshop\/wp-content\/uploads\/2025\/06\/Bild-1_Produktbild-e1749135079568-768x768.jpg 768w, https:\/\/www.regiodruck.ch\/webshop\/wp-content\/uploads\/2025\/06\/Bild-1_Produktbild-e1749135079568-416x416.jpg 416w, https:\/\/www.regiodruck.ch\/webshop\/wp-content\/uploads\/2025\/06\/Bild-1_Produktbild-e1749135079568-100x100.jpg 100w, https:\/\/www.regiodruck.ch\/webshop\/wp-content\/uploads\/2025\/06\/Bild-1_Produktbild-e1749135079568.jpg 1446w\" sizes=\"(max-width: 324px) 100vw, 324px\" \/><\/div>\n\t\t\t\t\t<div class=\"wc-block-grid__product-title\">Thermosflasche bunt mit Gravur &#8211; Neue Ausf\u00fchrung<\/div>\n\t\t\t\t<\/a>\n\t\t\t\t<div class=\"wc-block-grid__product-price price\"><span class=\"woocommerce-Price-amount amount\"><span class=\"woocommerce-Price-currencySymbol\">&#067;&#072;&#070;<\/span>&nbsp;49.50<\/span><\/div>\n\t\t\t\t\n\t\t\t\t<div class=\"wp-block-button wc-block-grid__product-add-to-cart\"><a href=\"https:\/\/www.regiodruck.ch\/webshop\/produkt\/thermosflasche-bunt-mit-gravur-neue-ausfuehrung\/\" aria-label=\"W\u00e4hlen Sie die Optionen f\u00fcr \u00abThermosflasche bunt mit Gravur - Neue Ausf\u00fchrung\u00bb\" data-quantity=\"1\" data-product_id=\"2297\" data-product_sku=\"\" data-price=\"49.5\" rel=\"nofollow\" class=\"wp-block-button__link  add_to_cart_button\">Ausf\u00fchrung w\u00e4hlen<\/a><\/div>\n\t\t\t<\/li><li class=\"wc-block-grid__product\">\n\t\t\t\t<a href=\"https:\/\/www.regiodruck.ch\/webshop\/produkt\/fruechtehalter-auf-altholzsockel\/\" class=\"wc-block-grid__product-link\">\n\t\t\t\t\t\n\t\t\t\t\t<div class=\"wc-block-grid__product-image\"><img loading=\"lazy\" decoding=\"async\" width=\"324\" height=\"324\" src=\"https:\/\/www.regiodruck.ch\/webshop\/wp-content\/uploads\/2024\/09\/20240906_093451-scaled-e1725894506243-324x324.jpg\" class=\"attachment-woocommerce_thumbnail size-woocommerce_thumbnail\" alt=\"Fr\u00fcchtehalter auf Altholzsockel\" srcset=\"https:\/\/www.regiodruck.ch\/webshop\/wp-content\/uploads\/2024\/09\/20240906_093451-scaled-e1725894506243-324x324.jpg 324w, https:\/\/www.regiodruck.ch\/webshop\/wp-content\/uploads\/2024\/09\/20240906_093451-scaled-e1725894506243-150x150.jpg 150w, https:\/\/www.regiodruck.ch\/webshop\/wp-content\/uploads\/2024\/09\/20240906_093451-scaled-e1725894506243-100x100.jpg 100w\" sizes=\"(max-width: 324px) 100vw, 324px\" \/><\/div>\n\t\t\t\t\t<div class=\"wc-block-grid__product-title\">Fr\u00fcchtehalter auf Altholzsockel<\/div>\n\t\t\t\t<\/a>\n\t\t\t\t<div class=\"wc-block-grid__product-price price\"><span class=\"woocommerce-Price-amount amount\"><span class=\"woocommerce-Price-currencySymbol\">&#067;&#072;&#070;<\/span>&nbsp;45.50<\/span><\/div>\n\t\t\t\t\n\t\t\t\t<div class=\"wp-block-button wc-block-grid__product-add-to-cart\"><a href=\"https:\/\/www.regiodruck.ch\/webshop\/produkt\/fruechtehalter-auf-altholzsockel\/\" aria-label=\"In den Warenkorb legen: \u00abFr\u00fcchtehalter auf Altholzsockel\u00bb\" data-quantity=\"1\" data-product_id=\"2251\" data-product_sku=\"\" data-price=\"45.5\" rel=\"nofollow\" class=\"wp-block-button__link  add_to_cart_button\">Ausf\u00fchrung w\u00e4hlen<\/a><\/div>\n\t\t\t<\/li><li class=\"wc-block-grid__product\">\n\t\t\t\t<a href=\"https:\/\/www.regiodruck.ch\/webshop\/produkt\/tischfeuer-mit-raclette-aufsatz\/\" class=\"wc-block-grid__product-link\">\n\t\t\t\t\t\n\t\t\t\t\t<div class=\"wc-block-grid__product-image\"><img loading=\"lazy\" decoding=\"async\" width=\"324\" height=\"324\" src=\"https:\/\/www.regiodruck.ch\/webshop\/wp-content\/uploads\/2024\/08\/Tischfeuer-mit-Racletteaufsatz-und-Pfaennchen2-324x324.jpg\" class=\"attachment-woocommerce_thumbnail size-woocommerce_thumbnail\" alt=\"Tischfeuer mit Raclette-Aufsatz\" srcset=\"https:\/\/www.regiodruck.ch\/webshop\/wp-content\/uploads\/2024\/08\/Tischfeuer-mit-Racletteaufsatz-und-Pfaennchen2-324x324.jpg 324w, https:\/\/www.regiodruck.ch\/webshop\/wp-content\/uploads\/2024\/08\/Tischfeuer-mit-Racletteaufsatz-und-Pfaennchen2-300x300.jpg 300w, https:\/\/www.regiodruck.ch\/webshop\/wp-content\/uploads\/2024\/08\/Tischfeuer-mit-Racletteaufsatz-und-Pfaennchen2-1024x1024.jpg 1024w, https:\/\/www.regiodruck.ch\/webshop\/wp-content\/uploads\/2024\/08\/Tischfeuer-mit-Racletteaufsatz-und-Pfaennchen2-150x150.jpg 150w, https:\/\/www.regiodruck.ch\/webshop\/wp-content\/uploads\/2024\/08\/Tischfeuer-mit-Racletteaufsatz-und-Pfaennchen2-768x768.jpg 768w, https:\/\/www.regiodruck.ch\/webshop\/wp-content\/uploads\/2024\/08\/Tischfeuer-mit-Racletteaufsatz-und-Pfaennchen2-1536x1536.jpg 1536w, https:\/\/www.regiodruck.ch\/webshop\/wp-content\/uploads\/2024\/08\/Tischfeuer-mit-Racletteaufsatz-und-Pfaennchen2-416x416.jpg 416w, https:\/\/www.regiodruck.ch\/webshop\/wp-content\/uploads\/2024\/08\/Tischfeuer-mit-Racletteaufsatz-und-Pfaennchen2-100x100.jpg 100w, https:\/\/www.regiodruck.ch\/webshop\/wp-content\/uploads\/2024\/08\/Tischfeuer-mit-Racletteaufsatz-und-Pfaennchen2.jpg 2048w\" sizes=\"(max-width: 324px) 100vw, 324px\" \/><\/div>\n\t\t\t\t\t<div class=\"wc-block-grid__product-title\">Tischfeuer mit Raclette-Aufsatz<\/div>\n\t\t\t\t<\/a>\n\t\t\t\t<div class=\"wc-block-grid__product-price price\"><span class=\"woocommerce-Price-amount amount\"><span class=\"woocommerce-Price-currencySymbol\">&#067;&#072;&#070;<\/span>&nbsp;179.00<\/span><\/div>\n\t\t\t\t\n\t\t\t\t<div class=\"wp-block-button wc-block-grid__product-add-to-cart\"><a href=\"https:\/\/www.regiodruck.ch\/webshop\/produkt\/tischfeuer-mit-raclette-aufsatz\/\" aria-label=\"In den Warenkorb legen: \u00abTischfeuer mit Raclette-Aufsatz\u00bb\" data-quantity=\"1\" data-product_id=\"2215\" data-product_sku=\"\" data-price=\"179\" rel=\"nofollow\" class=\"wp-block-button__link  add_to_cart_button\">Ausf\u00fchrung w\u00e4hlen<\/a><\/div>\n\t\t\t<\/li><li class=\"wc-block-grid__product\">\n\t\t\t\t<a href=\"https:\/\/www.regiodruck.ch\/webshop\/produkt\/betonweinkuehler-mit-holzsockel\/\" class=\"wc-block-grid__product-link\">\n\t\t\t\t\t\n\t\t\t\t\t<div class=\"wc-block-grid__product-image\"><img loading=\"lazy\" decoding=\"async\" width=\"324\" height=\"324\" src=\"https:\/\/www.regiodruck.ch\/webshop\/wp-content\/uploads\/2024\/08\/Betonweinkuehler-4-324x324.jpg\" class=\"attachment-woocommerce_thumbnail size-woocommerce_thumbnail\" alt=\"Betonweink\u00fchler mit Holzsockel\" srcset=\"https:\/\/www.regiodruck.ch\/webshop\/wp-content\/uploads\/2024\/08\/Betonweinkuehler-4-324x324.jpg 324w, https:\/\/www.regiodruck.ch\/webshop\/wp-content\/uploads\/2024\/08\/Betonweinkuehler-4-300x300.jpg 300w, https:\/\/www.regiodruck.ch\/webshop\/wp-content\/uploads\/2024\/08\/Betonweinkuehler-4-1024x1024.jpg 1024w, https:\/\/www.regiodruck.ch\/webshop\/wp-content\/uploads\/2024\/08\/Betonweinkuehler-4-150x150.jpg 150w, https:\/\/www.regiodruck.ch\/webshop\/wp-content\/uploads\/2024\/08\/Betonweinkuehler-4-768x768.jpg 768w, https:\/\/www.regiodruck.ch\/webshop\/wp-content\/uploads\/2024\/08\/Betonweinkuehler-4-1536x1536.jpg 1536w, https:\/\/www.regiodruck.ch\/webshop\/wp-content\/uploads\/2024\/08\/Betonweinkuehler-4-416x416.jpg 416w, https:\/\/www.regiodruck.ch\/webshop\/wp-content\/uploads\/2024\/08\/Betonweinkuehler-4-100x100.jpg 100w, https:\/\/www.regiodruck.ch\/webshop\/wp-content\/uploads\/2024\/08\/Betonweinkuehler-4.jpg 2048w\" sizes=\"(max-width: 324px) 100vw, 324px\" \/><\/div>\n\t\t\t\t\t<div class=\"wc-block-grid__product-title\">Betonweink\u00fchler mit Holzsockel<\/div>\n\t\t\t\t<\/a>\n\t\t\t\t<div class=\"wc-block-grid__product-price price\"><span class=\"woocommerce-Price-amount amount\"><span class=\"woocommerce-Price-currencySymbol\">&#067;&#072;&#070;<\/span>&nbsp;63.50<\/span><\/div>\n\t\t\t\t\n\t\t\t\t<div class=\"wp-block-button wc-block-grid__product-add-to-cart\"><a href=\"https:\/\/www.regiodruck.ch\/webshop\/produkt\/betonweinkuehler-mit-holzsockel\/\" aria-label=\"In den Warenkorb legen: \u00abBetonweink\u00fchler mit Holzsockel\u00bb\" data-quantity=\"1\" data-product_id=\"2210\" data-product_sku=\"\" data-price=\"63.5\" rel=\"nofollow\" class=\"wp-block-button__link  add_to_cart_button\">Ausf\u00fchrung w\u00e4hlen<\/a><\/div>\n\t\t\t<\/li><\/ul><\/div><h2 class=\"has-text-align-center wp-block-heading\">Im Angebot<\/h2><div data-block-name=\"woocommerce\/product-on-sale\" data-columns=\"4\" data-rows=\"1\" class=\"wc-block-grid wp-block-product-on-sale wc-block-product-on-sale has-4-columns\"><ul class=\"wc-block-grid__products\"><li class=\"wc-block-grid__product\">\n\t\t\t\t<a href=\"https:\/\/www.regiodruck.ch\/webshop\/produkt\/schneidbrett-bambus-personalisiert-neue-groesse\/\" class=\"wc-block-grid__product-link\">\n\t\t\t\t\t<div class=\"wc-block-grid__product-onsale\">\n\t\t\t<span aria-hidden=\"true\">Angebot<\/span>\n\t\t\t<span class=\"screen-reader-text\">Produkt im Angebot<\/span>\n\t\t<\/div>\n\t\t\t\t\t<div class=\"wc-block-grid__product-image\"><img loading=\"lazy\" decoding=\"async\" width=\"324\" height=\"324\" src=\"https:\/\/www.regiodruck.ch\/webshop\/wp-content\/uploads\/2020\/12\/20201206_133452-324x324.jpg\" class=\"attachment-woocommerce_thumbnail size-woocommerce_thumbnail\" alt=\"Schneidbrett Bambus, personalisiert, neue Gr\u00f6sse!\" srcset=\"https:\/\/www.regiodruck.ch\/webshop\/wp-content\/uploads\/2020\/12\/20201206_133452-324x324.jpg 324w, https:\/\/www.regiodruck.ch\/webshop\/wp-content\/uploads\/2020\/12\/20201206_133452-300x300.jpg 300w, https:\/\/www.regiodruck.ch\/webshop\/wp-content\/uploads\/2020\/12\/20201206_133452-1024x1024.jpg 1024w, https:\/\/www.regiodruck.ch\/webshop\/wp-content\/uploads\/2020\/12\/20201206_133452-150x150.jpg 150w, https:\/\/www.regiodruck.ch\/webshop\/wp-content\/uploads\/2020\/12\/20201206_133452-768x768.jpg 768w, https:\/\/www.regiodruck.ch\/webshop\/wp-content\/uploads\/2020\/12\/20201206_133452-1536x1536.jpg 1536w, https:\/\/www.regiodruck.ch\/webshop\/wp-content\/uploads\/2020\/12\/20201206_133452-2048x2048.jpg 2048w, https:\/\/www.regiodruck.ch\/webshop\/wp-content\/uploads\/2020\/12\/20201206_133452-416x416.jpg 416w, https:\/\/www.regiodruck.ch\/webshop\/wp-content\/uploads\/2020\/12\/20201206_133452-100x100.jpg 100w\" sizes=\"(max-width: 324px) 100vw, 324px\" \/><\/div>\n\t\t\t\t\t<div class=\"wc-block-grid__product-title\">Schneidbrett Bambus, personalisiert, neue Gr\u00f6sse!<\/div>\n\t\t\t\t<\/a>\n\t\t\t\t<div class=\"wc-block-grid__product-price price\"><del aria-hidden=\"true\"><span class=\"woocommerce-Price-amount amount\"><span class=\"woocommerce-Price-currencySymbol\">&#067;&#072;&#070;<\/span>&nbsp;45.50<\/span><\/del> <span class=\"screen-reader-text\">Urspr\u00fcnglicher Preis war: &#067;&#072;&#070;&nbsp;45.50<\/span><ins aria-hidden=\"true\"><span class=\"woocommerce-Price-amount amount\"><span class=\"woocommerce-Price-currencySymbol\">&#067;&#072;&#070;<\/span>&nbsp;39.50<\/span><\/ins><span class=\"screen-reader-text\">Aktueller Preis ist: &#067;&#072;&#070;&nbsp;39.50.<\/span><\/div>\n\t\t\t\t\n\t\t\t\t<div class=\"wp-block-button wc-block-grid__product-add-to-cart\"><a href=\"https:\/\/www.regiodruck.ch\/webshop\/produkt\/schneidbrett-bambus-personalisiert-neue-groesse\/\" aria-label=\"In den Warenkorb legen: \u00abSchneidbrett Bambus, personalisiert, neue Gr\u00f6sse!\u00bb\" data-quantity=\"1\" data-product_id=\"1842\" data-product_sku=\"\" data-price=\"39.5\" rel=\"nofollow\" class=\"wp-block-button__link  add_to_cart_button\">Ausf\u00fchrung w\u00e4hlen<\/a><\/div>\n\t\t\t<\/li><li class=\"wc-block-grid__product\">\n\t\t\t\t<a href=\"https:\/\/www.regiodruck.ch\/webshop\/produkt\/trekking-trinkflasche-mit-karabiner\/\" class=\"wc-block-grid__product-link\">\n\t\t\t\t\t<div class=\"wc-block-grid__product-onsale\">\n\t\t\t<span aria-hidden=\"true\">Angebot<\/span>\n\t\t\t<span class=\"screen-reader-text\">Produkt im Angebot<\/span>\n\t\t<\/div>\n\t\t\t\t\t<div class=\"wc-block-grid__product-image\"><img loading=\"lazy\" decoding=\"async\" width=\"324\" height=\"324\" src=\"https:\/\/www.regiodruck.ch\/webshop\/wp-content\/uploads\/2020\/11\/IMG_8645-324x324.jpg\" class=\"attachment-woocommerce_thumbnail size-woocommerce_thumbnail\" alt=\"Trekking-Trinkflasche mit Karabiner\" srcset=\"https:\/\/www.regiodruck.ch\/webshop\/wp-content\/uploads\/2020\/11\/IMG_8645-324x324.jpg 324w, https:\/\/www.regiodruck.ch\/webshop\/wp-content\/uploads\/2020\/11\/IMG_8645-300x300.jpg 300w, https:\/\/www.regiodruck.ch\/webshop\/wp-content\/uploads\/2020\/11\/IMG_8645-150x150.jpg 150w, https:\/\/www.regiodruck.ch\/webshop\/wp-content\/uploads\/2020\/11\/IMG_8645-416x416.jpg 416w, https:\/\/www.regiodruck.ch\/webshop\/wp-content\/uploads\/2020\/11\/IMG_8645-100x100.jpg 100w, https:\/\/www.regiodruck.ch\/webshop\/wp-content\/uploads\/2020\/11\/IMG_8645.jpg 650w\" sizes=\"(max-width: 324px) 100vw, 324px\" \/><\/div>\n\t\t\t\t\t<div class=\"wc-block-grid__product-title\">Trekking-Trinkflasche mit Karabiner<\/div>\n\t\t\t\t<\/a>\n\t\t\t\t<div class=\"wc-block-grid__product-price price\"><del aria-hidden=\"true\"><span class=\"woocommerce-Price-amount amount\"><span class=\"woocommerce-Price-currencySymbol\">&#067;&#072;&#070;<\/span>&nbsp;27.50<\/span><\/del> <span class=\"screen-reader-text\">Urspr\u00fcnglicher Preis war: &#067;&#072;&#070;&nbsp;27.50<\/span><ins aria-hidden=\"true\"><span class=\"woocommerce-Price-amount amount\"><span class=\"woocommerce-Price-currencySymbol\">&#067;&#072;&#070;<\/span>&nbsp;22.00<\/span><\/ins><span class=\"screen-reader-text\">Aktueller Preis ist: &#067;&#072;&#070;&nbsp;22.00.<\/span><\/div>\n\t\t\t\t\n\t\t\t\t<div class=\"wp-block-button wc-block-grid__product-add-to-cart\"><a href=\"https:\/\/www.regiodruck.ch\/webshop\/produkt\/trekking-trinkflasche-mit-karabiner\/\" aria-label=\"W\u00e4hlen Sie die Optionen f\u00fcr \u00abTrekking-Trinkflasche mit Karabiner\u00bb\" data-quantity=\"1\" data-product_id=\"1099\" data-product_sku=\"\" data-price=\"22\" rel=\"nofollow\" class=\"wp-block-button__link  add_to_cart_button\">Ausf\u00fchrung w\u00e4hlen<\/a><\/div>\n\t\t\t<\/li><\/ul><\/div><h2 class=\"has-text-align-center wp-block-heading\">Wir drucken, lasern und verpacken in Liestal<\/h2><p class=\"has-text-align-center\">Mit unseren Offsetdruckmaschinen, unserer Digitaldruckmaschine, unseren Stanzmaschinen und unserem Laserger\u00e4t ist es uns m\u00f6glich, Ihnen individuelle Drucksachen, individuelle Gegenst\u00e4nde und individuelle Verpackungen anzubieten, und zwar zu fairen Preisen, alles hergestellt in der Schweiz.<\/p><p class=\"has-text-align-center\">Wir drucken Briefbogen, Kuverts, Visitenkarten, Prospekte, Schreibblocks, Garnituren, Blocks, Flugbl\u00e4tter, Flyer, Todesanzeigen, Danksagungskarten, Verm\u00e4hlungsanzeigen, Brosch\u00fcren, Zeitschriften, Pr\u00e4sentationsmappen, Karten, Einladungen etc.<\/p><p class=\"has-text-align-center\">Wir lasern Produkte aus Papier, Karton, Holz, Glas, Stein, Schiefer, Aluminium etc. Zudem bieten wir in unserem Webshop Artikel zum Personalisieren an.<\/p><p class=\"has-text-align-center\">Wir verpacken Ihre Produkte individuell, falls keine Standardverpackung zur Verf\u00fcgung steht.<\/p><p class=\"has-text-align-center\">Haben Sie Fragen? Z\u00f6gern Sie nicht, uns zu kontaktieren, gerne geben wir pers\u00f6nlich Auskunft.<\/p>","protected":false},"excerpt":{"rendered":"<p>Nach Kategorie einkaufen Neu im Bestand Im Angebot Wir drucken, lasern und verpacken in Liestal Mit unseren Offsetdruckmaschinen, unserer Digitaldruckmaschine, unseren Stanzmaschinen und unserem Laserger\u00e4t ist es uns m\u00f6glich, Ihnen individuelle Drucksachen, individuelle Gegenst\u00e4nde und individuelle Verpackungen anzubieten, und zwar zu fairen Preisen, alles hergestellt in der Schweiz. Wir drucken Briefbogen, Kuverts, Visitenkarten, Prospekte, Schreibblocks, [&hellip;]<\/p>\n","protected":false},"author":1,"featured_media":0,"parent":0,"menu_order":0,"comment_status":"closed","ping_status":"closed","template":"template-fullwidth.php","meta":{"footnotes":""},"class_list":["post-60","page","type-page","status-publish","hentry"],"_links":{"self":[{"href":"https:\/\/www.regiodruck.ch\/webshop\/wp-json\/wp\/v2\/pages\/60"}],"collection":[{"href":"https:\/\/www.regiodruck.ch\/webshop\/wp-json\/wp\/v2\/pages"}],"about":[{"href":"https:\/\/www.regiodruck.ch\/webshop\/wp-json\/wp\/v2\/types\/page"}],"author":[{"embeddable":true,"href":"https:\/\/www.regiodruck.ch\/webshop\/wp-json\/wp\/v2\/users\/1"}],"replies":[{"embeddable":true,"href":"https:\/\/www.regiodruck.ch\/webshop\/wp-json\/wp\/v2\/comments?post=60"}],"version-history":[{"count":23,"href":"https:\/\/www.regiodruck.ch\/webshop\/wp-json\/wp\/v2\/pages\/60\/revisions"}],"predecessor-version":[{"id":1550,"href":"https:\/\/www.regiodruck.ch\/webshop\/wp-json\/wp\/v2\/pages\/60\/revisions\/1550"}],"wp:attachment":[{"href":"https:\/\/www.regiodruck.ch\/webshop\/wp-json\/wp\/v2\/media?parent=60"}],"curies":[{"name":"wp","href":"https:\/\/api.w.org\/{rel}","templated":true}]}}